{"id":52,"date":"2019-10-31T07:46:42","date_gmt":"2019-10-31T07:46:42","guid":{"rendered":"https:\/\/www.demo.cosmoswp.com\/demo-9\/?page_id=4"},"modified":"2021-11-26T13:35:59","modified_gmt":"2021-11-26T12:35:59","slug":"home","status":"publish","type":"page","link":"https:\/\/ib-kit.de\/content\/","title":{"rendered":"Home"},"content":{"rendered":"\n<section id=\"section-00a18388-7588-4adc-9d7a-d2a97c5207b8\" class=\"wp-block-gutentor-image-slider gutentor-section gutentor-image-slider imageSlider-template1 text-left\"><div class=\"gutentor-grid-item-wrap\"><div class=\"gutentor-slider-wrapper\" data-dots=\"true\" data-arrows=\"false\" data-infinite=\"true\" data-nextarrow=\"fas fa-angle-right\" data-prevarrow=\"fas fa-angle-left\" data-autoplay=\"true\" data-autoplayspeed=\"4000\" data-fade=\"false\" data-speed=\"2000\"><div class=\"gutentor-slider-item\"><div class=\"gutentor-single-item gutentor-single-item-0\"><div class=\"gutentor-single-item-wrap\"><div class=\"gutentor-single-item-image-box\"><div class=\"gutentor-bg-image\"><div class=\"overlay\"><\/div><\/div><\/div><div class=\"gutentor-single-item-content\"><div class=\"grid-container\"><div class=\"slider-caption text-left\"><h3 class=\"gutentor-single-item-title\">IHR PARTNER F\u00dcR TECHNISCHE GEB\u00c4UDEAUSR\u00dcSTUNG<\/h3><\/div><\/div><\/div><\/div><\/div><\/div><div class=\"gutentor-slider-item\"><div class=\"gutentor-single-item gutentor-single-item-1\"><div class=\"gutentor-single-item-wrap\"><div class=\"gutentor-single-item-image-box\"><div class=\"gutentor-bg-image\"><div class=\"overlay\"><\/div><\/div><\/div><div class=\"gutentor-single-item-content\"><div class=\"grid-container\"><div class=\"slider-caption text-left\"><h3 class=\"gutentor-single-item-title\">BERATUNG, PLANUNG UND BAU\u00dcBERWACHUNG<\/h3><\/div><\/div><\/div><\/div><\/div><\/div><div class=\"gutentor-slider-item\"><div class=\"gutentor-single-item gutentor-single-item-2\"><div class=\"gutentor-single-item-wrap\"><div class=\"gutentor-single-item-image-box\"><div class=\"gutentor-bg-image\"><div class=\"overlay\"><\/div><\/div><\/div><div class=\"gutentor-single-item-content\"><div class=\"grid-container\"><div class=\"slider-caption text-left\"><h3 class=\"gutentor-single-item-title\">ANALYSE UND OPTIMIERUNG BESTEHENDER ANLAGEN<\/h3><\/div><\/div><\/div><\/div><\/div><\/div><\/div><\/div><\/section>\n\n\n\n<section id=\"gmed3a440\" class=\"wp-block-gutentor-m4 section-gmed3a440 gutentor-module gutentor-advanced-columns has-image-bg has-custom-bg\"><div class=\"grid-container\"><div class=\"grid-row\">\n<div id=\"col-gm6ab962\" class=\"wp-block-gutentor-m4-col col-gm6ab962 gutentor-single-column  grid-lg-12 grid-md-12 grid-12\"><div id=\"section-gm6ab962\" class=\"section-gm6ab962 gutentor-col-wrap\">\n<section id=\"gm925cc9f\" class=\"wp-block-gutentor-m4 section-gm925cc9f gutentor-module gutentor-advanced-columns wow slideInUp\" data-wow-animation=\"slideInUp\" data-wow-iteration=\"1\"><div class=\"grid-container\"><div class=\"grid-row\">\n<div id=\"col-gm967dcb\" class=\"wp-block-gutentor-m4-col col-gm967dcb gutentor-single-column  grid-lg-4 grid-md-12 grid-12\"><div id=\"section-gm967dcb\" class=\"section-gm967dcb gutentor-col-wrap has-color-bg has-custom-bg\">\n<div id=\"section-g806f4a\" class=\"wp-block-gutentor-e1 section-g806f4a gutentor-element gutentor-element-advanced-text\"><div class=\"gutentor-text-wrap\"><h3 class=\"gutentor-text\"><strong>Beratung<\/strong><\/h3><\/div><\/div>\n\n\n\n<div id=\"section-ga9b010\" class=\"wp-block-gutentor-e1 section-ga9b010 gutentor-element gutentor-element-advanced-text\"><div class=\"gutentor-text-wrap\"><p class=\"gutentor-text\">Entwicklung von technischen Konzepten, Sanierungskonzepte f\u00fcr Bestandsbauten, Schwachstellenanalyse f\u00fcr Anlagen der TGA, Wirtschaftlichkeitsberechnungen, alternative Energiekonzepte .<\/p><\/div><\/div>\n\n\n\n<div id=\"section-gc3a5f9\" class=\"wp-block-gutentor-e6 section-gc3a5f9 gutentor-element gutentor-element-image\"><div class=\"gutentor-element-image-box\"><div class=\"gutentor-image-thumb\"><img class=\"normal-image\" src=\"https:\/\/ib-kit.de\/content\/wp-content\/uploads\/2021\/11\/planung.jpeg\"\/><\/div><\/div><\/div>\n<\/div><\/div>\n\n\n\n<div id=\"col-gmb930e1\" class=\"wp-block-gutentor-m4-col col-gmb930e1 gutentor-single-column  grid-lg-4 grid-md-12 grid-12\"><div id=\"section-gmb930e1\" class=\"section-gmb930e1 gutentor-col-wrap has-color-bg has-custom-bg\">\n<div id=\"section-gc85054\" class=\"wp-block-gutentor-e1 section-gc85054 gutentor-element gutentor-element-advanced-text\"><div class=\"gutentor-text-wrap\"><h3 class=\"gutentor-text\"><strong>Planung<\/strong><\/h3><\/div><\/div>\n\n\n\n<div id=\"section-gcbea67\" class=\"wp-block-gutentor-e1 section-gcbea67 gutentor-element gutentor-element-advanced-text\"><div class=\"gutentor-text-wrap\"><p class=\"gutentor-text\">In der Honorarordnung f\u00fcr Architekten und Ingenieure (HOAI) werden die einzelnen Leistungsphasen der Planung und Bauleitung vorgegeben: Vorplanung, Entwurfsplanung, Ausf\u00fchrungsplanung . <\/p><\/div><\/div>\n\n\n\n<div id=\"section-g9a24b2\" class=\"wp-block-gutentor-e6 section-g9a24b2 gutentor-element gutentor-element-image\"><div class=\"gutentor-element-image-box\"><div class=\"gutentor-image-thumb\"><img class=\"normal-image\" src=\"https:\/\/ib-kit.de\/content\/wp-content\/uploads\/2021\/11\/planung2.jpg\"\/><\/div><\/div><\/div>\n<\/div><\/div>\n\n\n\n<div id=\"col-gm76a959\" class=\"wp-block-gutentor-m4-col col-gm76a959 gutentor-single-column  grid-lg-4 grid-md-12 grid-12\"><div id=\"section-gm76a959\" class=\"section-gm76a959 gutentor-col-wrap has-color-bg has-custom-bg has-gutentor-overlay\">\n<div id=\"section-g3569b9\" class=\"wp-block-gutentor-e1 section-g3569b9 gutentor-element gutentor-element-advanced-text\"><div class=\"gutentor-text-wrap\"><h3 class=\"gutentor-text\"><strong>Ausf\u00fchrung<\/strong><\/h3><\/div><\/div>\n\n\n\n<div id=\"section-gd2c58b\" class=\"wp-block-gutentor-e1 section-gd2c58b gutentor-element gutentor-element-advanced-text\"><div class=\"gutentor-text-wrap\"><p class=\"gutentor-text\">Im Rahmen der Bau\u00fcberwachung (Bauleitung) kontrollieren wir die \u00dcbereinstimmung der ausgef\u00fchrten Arbeiten auf der Baustelle mit der Planung.  <\/p><\/div><\/div>\n\n\n\n<div id=\"section-ga7255b\" class=\"wp-block-gutentor-e6 section-ga7255b gutentor-element gutentor-element-image\"><div class=\"gutentor-element-image-box\"><div class=\"gutentor-image-thumb\"><img class=\"normal-image\" src=\"https:\/\/ib-kit.de\/content\/wp-content\/uploads\/2021\/11\/projekte.jpg\"\/><\/div><\/div><\/div>\n<\/div><\/div>\n<\/div><\/div><\/section>\n\n\n\n<section id=\"gmd1e371b\" class=\"wp-block-gutentor-m4 section-gmd1e371b gutentor-module gutentor-advanced-columns has-color-bg has-custom-bg\"><div class=\"grid-container\"><div class=\"grid-row\">\n<div id=\"col-gmd91f1f\" class=\"wp-block-gutentor-m4-col col-gmd91f1f gutentor-single-column  grid-lg-12 grid-md-12 grid-12\"><div id=\"section-gmd91f1f\" class=\"section-gmd91f1f gutentor-col-wrap\">\n<div id=\"section-g9c2ffe\" class=\"wp-block-gutentor-e1 section-g9c2ffe gutentor-element gutentor-element-advanced-text text-align-center-desktop\"><div class=\"gutentor-text-wrap\"><h2 class=\"gutentor-text\">KiT Ingenieure &#8211; Kompetenz in Technik<\/h2><\/div><\/div>\n\n\n\n<div id=\"section-gecef39\" class=\"wp-block-gutentor-e1 section-gecef39 gutentor-element gutentor-element-advanced-text text-align-center-desktop\"><div class=\"gutentor-text-wrap\"><p class=\"gutentor-text\">Unsere Kompetenzen in den Gewerken der technischen Geb\u00e4udeausr\u00fcstung erm\u00f6glichen eine optimale Projektkoordination und Umsetzung der gestellten Aufgabe. Es k\u00f6nnen alle Leistungsanspr\u00fcchen&nbsp;der HOAI und dar\u00fcber hinaus abgedeckt werden.<\/p><\/div><\/div>\n<\/div><\/div>\n<\/div><\/div><\/section>\n<\/div><\/div>\n<\/div><\/div><\/section>\n","protected":false},"excerpt":{"rendered":"","protected":false},"author":1,"featured_media":0,"parent":0,"menu_order":0,"comment_status":"closed","ping_status":"closed","template":"template-gutentor-full-width.php","meta":[],"_links":{"self":[{"href":"https:\/\/ib-kit.de\/content\/wp-json\/wp\/v2\/pages\/52"}],"collection":[{"href":"https:\/\/ib-kit.de\/content\/wp-json\/wp\/v2\/pages"}],"about":[{"href":"https:\/\/ib-kit.de\/content\/wp-json\/wp\/v2\/types\/page"}],"author":[{"embeddable":true,"href":"https:\/\/ib-kit.de\/content\/wp-json\/wp\/v2\/users\/1"}],"replies":[{"embeddable":true,"href":"https:\/\/ib-kit.de\/content\/wp-json\/wp\/v2\/comments?post=52"}],"version-history":[{"count":76,"href":"https:\/\/ib-kit.de\/content\/wp-json\/wp\/v2\/pages\/52\/revisions"}],"predecessor-version":[{"id":515,"href":"https:\/\/ib-kit.de\/content\/wp-json\/wp\/v2\/pages\/52\/revisions\/515"}],"wp:attachment":[{"href":"https:\/\/ib-kit.de\/content\/wp-json\/wp\/v2\/media?parent=52"}],"curies":[{"name":"wp","href":"https:\/\/api.w.org\/{rel}","templated":true}]}}