{"id":48,"date":"2019-10-31T09:50:58","date_gmt":"2019-10-31T09:50:58","guid":{"rendered":"https:\/\/www.demo.cosmoswp.com\/demo-9\/?page_id=50"},"modified":"2021-11-21T18:59:53","modified_gmt":"2021-11-21T17:59:53","slug":"profil","status":"publish","type":"page","link":"https:\/\/ib-kit.de\/content\/profil\/","title":{"rendered":"Profil"},"content":{"rendered":"\n<section id=\"gm651ce69\" class=\"wp-block-gutentor-m4 section-gm651ce69 gutentor-module gutentor-advanced-columns has-image-bg has-custom-bg\"><div class=\"grid-container\"><div class=\"grid-row\">\n<div id=\"col-gm5f5728\" class=\"wp-block-gutentor-m4-col col-gm5f5728 gutentor-single-column  grid-lg-12 grid-md-12 grid-12\"><div id=\"section-gm5f5728\" class=\"section-gm5f5728 gutentor-col-wrap\">\n<div id=\"section-g9a1d16\" class=\"wp-block-gutentor-e1 section-g9a1d16 gutentor-element gutentor-element-advanced-text\"><div class=\"gutentor-text-wrap\"><h2 class=\"gutentor-text\">KiT &#8211; Kompetenz in Technik<\/h2><\/div><\/div>\n\n\n\n<div id=\"section-g61e8fb\" class=\"wp-block-gutentor-e1 section-g61e8fb gutentor-element gutentor-element-advanced-text\"><div class=\"gutentor-text-wrap\"><p class=\"gutentor-text\">Als mittelst\u00e4ndiges, stetig wachsendes Ingenieurb\u00fcro f\u00fcr technische Geb\u00e4udeausr\u00fcstung liegen unsere Kernkompetenzen <br>in den Kostengruppen (gem. DIN 276):<\/p><\/div><\/div>\n\n\n\n<div id=\"section-ge453d0\" class=\"wp-block-gutentor-e7 section-ge453d0 gutentor-element gutentor-element-list\"><ul class=\"grid-row gutentor-grid-item-wrap list-indicator-icon\"><li class=\"gutentor-list-item grid-lg-12 grid-md-12 grid-12\"><span class=\"gutentor-single-item gutentor-single-item-0\"><span class=\"gutentor-list-item-wrap g-s-list-wrap\"><span class=\"gutentor-single-list-item-icon\"><i class=\"list-item-icon fas fa-arrow-right\"><\/i><\/span><span class=\"gutentor-list-item\"><p class=\"gutentor-single-item-title\">KG 410 \u2013 Abwasser- Wasser-, Gasanlagen<\/p><\/span><\/span><\/span><\/li><li class=\"gutentor-list-item grid-lg-12 grid-md-12 grid-12\"><span class=\"gutentor-single-item gutentor-single-item-1\"><span class=\"gutentor-list-item-wrap g-s-list-wrap\"><span class=\"gutentor-single-list-item-icon\"><i class=\"list-item-icon fas fa-arrow-right\"><\/i><\/span><span class=\"gutentor-list-item\"><p class=\"gutentor-single-item-title\">KG 420 \u2013 W\u00e4rmeversorgungsanlagen<\/p><\/span><\/span><\/span><\/li><li class=\"gutentor-list-item grid-lg-12 grid-md-12 grid-12\"><span class=\"gutentor-single-item gutentor-single-item-2\"><span class=\"gutentor-list-item-wrap g-s-list-wrap\"><span class=\"gutentor-single-list-item-icon\"><i class=\"list-item-icon fas fa-arrow-right\"><\/i><\/span><span class=\"gutentor-list-item\"><p class=\"gutentor-single-item-title\">KG 430 \u2013 Lufttechnische Anlagen<\/p><\/span><\/span><\/span><\/li><li class=\"gutentor-list-item grid-lg-12 grid-md-12 grid-12\"><span class=\"gutentor-single-item gutentor-single-item-3\"><span class=\"gutentor-list-item-wrap g-s-list-wrap\"><span class=\"gutentor-single-list-item-icon\"><i class=\"list-item-icon fas fa-arrow-right\"><\/i><\/span><span class=\"gutentor-list-item\"><p class=\"gutentor-single-item-title\">KG 475 \u2013 Feuerl\u00f6schanlagen<\/p><\/span><\/span><\/span><\/li><li class=\"gutentor-list-item grid-lg-12 grid-md-12 grid-12\"><span class=\"gutentor-single-item gutentor-single-item-4\"><span class=\"gutentor-list-item-wrap g-s-list-wrap\"><span class=\"gutentor-single-list-item-icon\"><i class=\"list-item-icon fas fa-arrow-right\"><\/i><\/span><span class=\"gutentor-list-item\"><p class=\"gutentor-single-item-title\">KG 540 \u2013 Technische Anlagen in Au\u00dfenanlagen<\/p><\/span><\/span><\/span><\/li><\/ul><\/div>\n\n\n\n<div id=\"section-g0fd6f3\" class=\"wp-block-gutentor-e1 section-g0fd6f3 gutentor-element gutentor-element-advanced-text\"><div class=\"gutentor-text-wrap\"><h4 class=\"gutentor-text\">Unsere Kompetenzen in allen Gewerken der technischen Geb\u00e4udeausr\u00fcstung erm\u00f6glichen eine optimale Projektkoordination und Umsetzung der gestellten Aufgabe.<\/h4><\/div><\/div>\n\n\n\n<section id=\"gm96d3f2e\" class=\"wp-block-gutentor-m4 section-gm96d3f2e gutentor-module gutentor-advanced-columns\"><div class=\"grid-container\"><div class=\"grid-row\">\n<div id=\"col-gmd4840a\" class=\"wp-block-gutentor-m4-col col-gmd4840a gutentor-single-column  grid-lg-4 grid-md-12 grid-12\"><div id=\"section-gmd4840a\" class=\"section-gmd4840a gutentor-col-wrap\">\n<div id=\"section-g9a8739\" class=\"wp-block-gutentor-e6 section-g9a8739 gutentor-element gutentor-element-image\"><div class=\"gutentor-element-image-box\"><div class=\"gutentor-image-thumb\"><img class=\"normal-image\" src=\"https:\/\/ib-kit.de\/content\/wp-content\/uploads\/2021\/11\/planung-1.jpg\"\/><\/div><\/div><\/div>\n<\/div><\/div>\n\n\n\n<div id=\"col-gm121b81\" class=\"wp-block-gutentor-m4-col col-gm121b81 gutentor-single-column  grid-lg-8 grid-md-12 grid-12\"><div id=\"section-gm121b81\" class=\"section-gm121b81 gutentor-col-wrap\">\n<div id=\"section-gc40cc0\" class=\"wp-block-gutentor-e1 section-gc40cc0 gutentor-element gutentor-element-advanced-text\"><div class=\"gutentor-text-wrap\"><p class=\"gutentor-text\">Wir legen besonderen Wert auf praxisnahe Erfahrungen, was sich u.a. darin widerspiegelt, dass beide Gr\u00fcnder sowohl ausgebildete Diplom Ingenieure f\u00fcr den Bereich der technischen Geb\u00e4udeausr\u00fcstung sind und einen im Vorfeld absolvierten handwerklichen Werdegang vorweisen k\u00f6nnen.<\/p><\/div><\/div>\n\n\n\n<div id=\"section-g673b0f\" class=\"wp-block-gutentor-e1 section-g673b0f gutentor-element gutentor-element-advanced-text\"><div class=\"gutentor-text-wrap\"><h5 class=\"gutentor-text\">Wir verf\u00fcgen \u00fcber umfangreiches technisches, praktisches und theoretisches Wissen.<\/h5><\/div><\/div>\n\n\n\n<div id=\"section-g7d8c56\" class=\"wp-block-gutentor-e1 section-g7d8c56 gutentor-element gutentor-element-advanced-text\"><div class=\"gutentor-text-wrap\"><p class=\"gutentor-text\">Gemeinsam kommen die Gr\u00fcnder auf \u00fcber 30 Jahre Berufserfahrung als Planer und Projektleiter sowie auf \u00fcber 50 Jahre Erfahrung auf Baustellen in Form von praktischer Ausf\u00fchrung und in \u00fcberwachender Funktion.<\/p><\/div><\/div>\n<\/div><\/div>\n<\/div><\/div><\/section>\n\n\n\n<div id=\"section-g90a82c\" class=\"wp-block-gutentor-e1 section-g90a82c gutentor-element gutentor-element-advanced-text\"><div class=\"gutentor-text-wrap\"><h3 class=\"gutentor-text\">Die Gr\u00fcnder sind:<\/h3><\/div><\/div>\n\n\n\n<section id=\"gm22c0d3a\" class=\"wp-block-gutentor-m4 section-gm22c0d3a gutentor-module gutentor-advanced-columns\"><div class=\"grid-container\"><div class=\"grid-row\">\n<div id=\"col-gm572031\" class=\"wp-block-gutentor-m4-col col-gm572031 gutentor-single-column  grid-lg-6 grid-md-12 grid-12\"><div id=\"section-gm572031\" class=\"section-gm572031 gutentor-col-wrap has-color-bg has-custom-bg\">\n<div id=\"section-gbeb81c\" class=\"wp-block-gutentor-e1 section-gbeb81c gutentor-element gutentor-element-advanced-text\"><div class=\"gutentor-text-wrap\"><h4 class=\"gutentor-text\">Dipl. Ing. Markus T\u00fcpker<\/h4><\/div><\/div>\n\n\n\n<div id=\"section-g87efa6\" class=\"wp-block-gutentor-e1 section-g87efa6 gutentor-element gutentor-element-advanced-text\"><div class=\"gutentor-text-wrap\"><p class=\"gutentor-text\">Gesch\u00e4ftsf\u00fchrender Gesellschafter<\/p><\/div><\/div>\n<\/div><\/div>\n\n\n\n<div id=\"col-gm6d57b6\" class=\"wp-block-gutentor-m4-col col-gm6d57b6 gutentor-single-column  grid-lg-6 grid-md-12 grid-12\"><div id=\"section-gm6d57b6\" class=\"section-gm6d57b6 gutentor-col-wrap\">\n<div id=\"section-g14f37f\" class=\"wp-block-gutentor-e1 section-g14f37f gutentor-element gutentor-element-advanced-text\"><div class=\"gutentor-text-wrap\"><h4 class=\"gutentor-text\">Dipl. Ing. Robert Kock<\/h4><\/div><\/div>\n\n\n\n<div id=\"section-gafb6e9\" class=\"wp-block-gutentor-e1 section-gafb6e9 gutentor-element gutentor-element-advanced-text\"><div class=\"gutentor-text-wrap\"><p class=\"gutentor-text\">Prokurist \/ Gesellschafter<br>Handwerksmeister<\/p><\/div><\/div>\n<\/div><\/div>\n<\/div><\/div><\/section>\n<\/div><\/div>\n<\/div><\/div><\/section>\n\n\n\n<p><\/p>\n","protected":false},"excerpt":{"rendered":"","protected":false},"author":1,"featured_media":0,"parent":0,"menu_order":0,"comment_status":"closed","ping_status":"closed","template":"template-gutentor-full-width.php","meta":[],"_links":{"self":[{"href":"https:\/\/ib-kit.de\/content\/wp-json\/wp\/v2\/pages\/48"}],"collection":[{"href":"https:\/\/ib-kit.de\/content\/wp-json\/wp\/v2\/pages"}],"about":[{"href":"https:\/\/ib-kit.de\/content\/wp-json\/wp\/v2\/types\/page"}],"author":[{"embeddable":true,"href":"https:\/\/ib-kit.de\/content\/wp-json\/wp\/v2\/users\/1"}],"replies":[{"embeddable":true,"href":"https:\/\/ib-kit.de\/content\/wp-json\/wp\/v2\/comments?post=48"}],"version-history":[{"count":37,"href":"https:\/\/ib-kit.de\/content\/wp-json\/wp\/v2\/pages\/48\/revisions"}],"predecessor-version":[{"id":452,"href":"https:\/\/ib-kit.de\/content\/wp-json\/wp\/v2\/pages\/48\/revisions\/452"}],"wp:attachment":[{"href":"https:\/\/ib-kit.de\/content\/wp-json\/wp\/v2\/media?parent=48"}],"curies":[{"name":"wp","href":"https:\/\/api.w.org\/{rel}","templated":true}]}}