{"id":46,"date":"2019-10-31T09:51:11","date_gmt":"2019-10-31T09:51:11","guid":{"rendered":"https:\/\/www.demo.cosmoswp.com\/demo-9\/?page_id=52"},"modified":"2021-11-20T08:03:43","modified_gmt":"2021-11-20T07:03:43","slug":"leistungen","status":"publish","type":"page","link":"https:\/\/ib-kit.de\/content\/leistungen\/","title":{"rendered":"Leistungen"},"content":{"rendered":"\n<section id=\"gm9c3e718\" class=\"wp-block-gutentor-m4 section-gm9c3e718 gutentor-module gutentor-advanced-columns has-image-bg has-custom-bg\"><div class=\"grid-container\"><div class=\"grid-row\">\n<div id=\"col-gm1042e4\" class=\"wp-block-gutentor-m4-col col-gm1042e4 gutentor-single-column  grid-lg-12 grid-md-12 grid-12\"><div id=\"section-gm1042e4\" class=\"section-gm1042e4 gutentor-col-wrap\">\n<div id=\"section-ge9d1c4\" class=\"wp-block-gutentor-e1 section-ge9d1c4 gutentor-element gutentor-element-advanced-text\"><div class=\"gutentor-text-wrap\"><h2 class=\"gutentor-text\">Unser Leistungsspektrum<\/h2><\/div><\/div>\n\n\n\n<div id=\"section-g10b0a2\" class=\"wp-block-gutentor-e1 section-g10b0a2 gutentor-element gutentor-element-advanced-text\"><div class=\"gutentor-text-wrap\"><p class=\"gutentor-text\">Unser Ziel ist es, den Kunden bestm\u00f6gliche L\u00f6sungen f\u00fcr technische Bed\u00fcrfnisse und Bauabl\u00e4ufe ihrer Bauvorhaben und Sanierungen zu bieten. Dies gilt sowohl f\u00fcr die \u00f6ffentliche Hand, Klein- bis Gro\u00dfunternehmen als auch f\u00fcr private Bauherren.<\/p><\/div><\/div>\n\n\n\n<div id=\"section-ga8fd2c\" class=\"wp-block-gutentor-e1 section-ga8fd2c gutentor-element gutentor-element-advanced-text\"><div class=\"gutentor-text-wrap\"><h4 class=\"gutentor-text\">Technische Aufgaben<\/h4><\/div><\/div>\n\n\n\n<section id=\"gm8bd1298\" class=\"wp-block-gutentor-m4 section-gm8bd1298 gutentor-module gutentor-advanced-columns\"><div class=\"grid-container\"><div class=\"grid-row\">\n<div id=\"col-gm58a9b8\" class=\"wp-block-gutentor-m4-col col-gm58a9b8 gutentor-single-column  grid-lg-6 grid-md-12 grid-12\"><div id=\"section-gm58a9b8\" class=\"section-gm58a9b8 gutentor-col-wrap\">\n<div id=\"section-g1a59ae\" class=\"wp-block-gutentor-e7 section-g1a59ae gutentor-element gutentor-element-list\"><ul class=\"grid-row gutentor-grid-item-wrap list-indicator-icon\"><li class=\"gutentor-list-item grid-lg-12 grid-md-12 grid-12\"><span class=\"gutentor-single-item gutentor-single-item-0\"><span class=\"gutentor-list-item-wrap g-s-list-wrap\"><span class=\"gutentor-single-list-item-icon\"><i class=\"list-item-icon fas fa-check\"><\/i><\/span><span class=\"gutentor-list-item\"><p class=\"gutentor-single-item-title\">TGA Planung der Kostengruppen 400 und 540 gem\u00e4\u00df HOAI<\/p><\/span><\/span><\/span><\/li><li class=\"gutentor-list-item grid-lg-12 grid-md-12 grid-12\"><span class=\"gutentor-single-item gutentor-single-item-1\"><span class=\"gutentor-list-item-wrap g-s-list-wrap\"><span class=\"gutentor-single-list-item-icon\"><i class=\"list-item-icon fas fa-check\"><\/i><\/span><span class=\"gutentor-list-item\"><p class=\"gutentor-single-item-title\">Objekt\u00fcberwachung w\u00e4hrend der Bauphase<\/p><\/span><\/span><\/span><\/li><li class=\"gutentor-list-item grid-lg-12 grid-md-12 grid-12\"><span class=\"gutentor-single-item gutentor-single-item-2\"><span class=\"gutentor-list-item-wrap g-s-list-wrap\"><span class=\"gutentor-single-list-item-icon\"><i class=\"list-item-icon fas fa-check\"><\/i><\/span><span class=\"gutentor-list-item\"><p class=\"gutentor-single-item-title\">Inbetriebnahmemanagement<\/p><\/span><\/span><\/span><\/li><li class=\"gutentor-list-item grid-lg-12 grid-md-12 grid-12\"><span class=\"gutentor-single-item gutentor-single-item-3\"><span class=\"gutentor-list-item-wrap g-s-list-wrap\"><span class=\"gutentor-single-list-item-icon\"><i class=\"list-item-icon fas fa-check\"><\/i><\/span><span class=\"gutentor-list-item\"><p class=\"gutentor-single-item-title\">Anlagenbetreuung und -optimierung nach der Abnahme<\/p><\/span><\/span><\/span><\/li><li class=\"gutentor-list-item grid-lg-12 grid-md-12 grid-12\"><span class=\"gutentor-single-item gutentor-single-item-4\"><span class=\"gutentor-list-item-wrap g-s-list-wrap\"><span class=\"gutentor-single-list-item-icon\"><i class=\"list-item-icon fas fa-check\"><\/i><\/span><span class=\"gutentor-list-item\"><p class=\"gutentor-single-item-title\">Analyse und Optimierung bestehender Anlagen<\/p><\/span><\/span><\/span><\/li><li class=\"gutentor-list-item grid-lg-12 grid-md-12 grid-12\"><span class=\"gutentor-single-item gutentor-single-item-5\"><span class=\"gutentor-list-item-wrap g-s-list-wrap\"><span class=\"gutentor-single-list-item-icon\"><i class=\"list-item-icon fas fa-check\"><\/i><\/span><span class=\"gutentor-list-item\"><p class=\"gutentor-single-item-title\">Bewertung von Brandschutz- und Hygieneanforderungen an Bestandsinstallationen<\/p><\/span><\/span><\/span><\/li><\/ul><\/div>\n<\/div><\/div>\n\n\n\n<div id=\"col-gm9b3d03\" class=\"wp-block-gutentor-m4-col col-gm9b3d03 gutentor-single-column  grid-lg-6 grid-md-12 grid-12\"><div id=\"section-gm9b3d03\" class=\"section-gm9b3d03 gutentor-col-wrap\">\n<div id=\"section-g9deaf2\" class=\"wp-block-gutentor-e7 section-g9deaf2 gutentor-element gutentor-element-list\"><ul class=\"grid-row gutentor-grid-item-wrap list-indicator-icon\"><li class=\"gutentor-list-item grid-lg-12 grid-md-12 grid-12\"><span class=\"gutentor-single-item gutentor-single-item-0\"><span class=\"gutentor-list-item-wrap g-s-list-wrap\"><span class=\"gutentor-single-list-item-icon\"><i class=\"list-item-icon fas fa-check\"><\/i><\/span><span class=\"gutentor-list-item\"><p class=\"gutentor-single-item-title\">Kostenkontrolle \/-prognose und Optimierung w\u00e4hrend der Bauphase<\/p><\/span><\/span><\/span><\/li><li class=\"gutentor-list-item grid-lg-12 grid-md-12 grid-12\"><span class=\"gutentor-single-item gutentor-single-item-1\"><span class=\"gutentor-list-item-wrap g-s-list-wrap\"><span class=\"gutentor-single-list-item-icon\"><i class=\"list-item-icon fas fa-check\"><\/i><\/span><span class=\"gutentor-list-item\"><p class=\"gutentor-single-item-title\">Energetische Beratung von Kunden<\/p><\/span><\/span><\/span><\/li><li class=\"gutentor-list-item grid-lg-12 grid-md-12 grid-12\"><span class=\"gutentor-single-item gutentor-single-item-2\"><span class=\"gutentor-list-item-wrap g-s-list-wrap\"><span class=\"gutentor-single-list-item-icon\"><i class=\"list-item-icon fas fa-check\"><\/i><\/span><span class=\"gutentor-list-item\"><p class=\"gutentor-single-item-title\">Erstellung von 2D und 3D Planunterlagen<\/p><\/span><\/span><\/span><\/li><li class=\"gutentor-list-item grid-lg-12 grid-md-12 grid-12\"><span class=\"gutentor-single-item gutentor-single-item-3\"><span class=\"gutentor-list-item-wrap g-s-list-wrap\"><span class=\"gutentor-single-list-item-icon\"><i class=\"list-item-icon fas fa-check\"><\/i><\/span><span class=\"gutentor-list-item\"><p class=\"gutentor-single-item-title\">Ermittlung von Baukosten<\/p><\/span><\/span><\/span><\/li><li class=\"gutentor-list-item grid-lg-12 grid-md-12 grid-12\"><span class=\"gutentor-single-item gutentor-single-item-4\"><span class=\"gutentor-list-item-wrap g-s-list-wrap\"><span class=\"gutentor-single-list-item-icon\"><i class=\"list-item-icon fas fa-check\"><\/i><\/span><span class=\"gutentor-list-item\"><p class=\"gutentor-single-item-title\">Ermittlung von Betriebskosten<\/p><\/span><\/span><\/span><\/li><\/ul><\/div>\n<\/div><\/div>\n<\/div><\/div><\/section>\n\n\n\n<div id=\"section-g1c63c4\" class=\"wp-block-gutentor-e1 section-g1c63c4 gutentor-element gutentor-element-advanced-text\"><div class=\"gutentor-text-wrap\"><h4 class=\"gutentor-text\">Kaufm\u00e4nnische Aufgaben<\/h4><\/div><\/div>\n\n\n\n<div id=\"section-gbb8466\" class=\"wp-block-gutentor-e7 section-gbb8466 gutentor-element gutentor-element-list\"><ul class=\"grid-row gutentor-grid-item-wrap list-indicator-icon\"><li class=\"gutentor-list-item grid-lg-12 grid-md-12 grid-12\"><span class=\"gutentor-single-item gutentor-single-item-0\"><span class=\"gutentor-list-item-wrap g-s-list-wrap\"><span class=\"gutentor-single-list-item-icon\"><i class=\"list-item-icon fas fa-check\"><\/i><\/span><span class=\"gutentor-list-item\"><p class=\"gutentor-single-item-title\">Pr\u00fcfung und Auswertung von Angeboten und Nachtr\u00e4gen<\/p><\/span><\/span><\/span><\/li><li class=\"gutentor-list-item grid-lg-12 grid-md-12 grid-12\"><span class=\"gutentor-single-item gutentor-single-item-1\"><span class=\"gutentor-list-item-wrap g-s-list-wrap\"><span class=\"gutentor-single-list-item-icon\"><i class=\"list-item-icon fas fa-check\"><\/i><\/span><span class=\"gutentor-list-item\"><p class=\"gutentor-single-item-title\">Erstellung von Leistungsverzeichnissen<\/p><\/span><\/span><\/span><\/li><li class=\"gutentor-list-item grid-lg-12 grid-md-12 grid-12\"><span class=\"gutentor-single-item gutentor-single-item-2\"><span class=\"gutentor-list-item-wrap g-s-list-wrap\"><span class=\"gutentor-single-list-item-icon\"><i class=\"list-item-icon fas fa-check\"><\/i><\/span><span class=\"gutentor-list-item\"><p class=\"gutentor-single-item-title\">Kostenkontrolle \/-prognose und -optimierung<\/p><\/span><\/span><\/span><\/li><li class=\"gutentor-list-item grid-lg-12 grid-md-12 grid-12\"><span class=\"gutentor-single-item gutentor-single-item-3\"><span class=\"gutentor-list-item-wrap g-s-list-wrap\"><span class=\"gutentor-single-list-item-icon\"><i class=\"list-item-icon fas fa-check\"><\/i><\/span><span class=\"gutentor-list-item\"><p class=\"gutentor-single-item-title\">Pr\u00fcfung von Angeboten, Rechnungen und Aufma\u00dfen<\/p><\/span><\/span><\/span><\/li><li class=\"gutentor-list-item grid-lg-12 grid-md-12 grid-12\"><span class=\"gutentor-single-item gutentor-single-item-4\"><span class=\"gutentor-list-item-wrap g-s-list-wrap\"><span class=\"gutentor-single-list-item-icon\"><i class=\"list-item-icon fas fa-check\"><\/i><\/span><span class=\"gutentor-list-item\"><p class=\"gutentor-single-item-title\">Erstellung von Mahn- und M\u00e4ngelanzeigen<\/p><\/span><\/span><\/span><\/li><\/ul><\/div>\n<\/div><\/div>\n<\/div><\/div><\/section>\n","protected":false},"excerpt":{"rendered":"","protected":false},"author":1,"featured_media":0,"parent":0,"menu_order":0,"comment_status":"closed","ping_status":"closed","template":"template-gutentor-full-width.php","meta":[],"_links":{"self":[{"href":"https:\/\/ib-kit.de\/content\/wp-json\/wp\/v2\/pages\/46"}],"collection":[{"href":"https:\/\/ib-kit.de\/content\/wp-json\/wp\/v2\/pages"}],"about":[{"href":"https:\/\/ib-kit.de\/content\/wp-json\/wp\/v2\/types\/page"}],"author":[{"embeddable":true,"href":"https:\/\/ib-kit.de\/content\/wp-json\/wp\/v2\/users\/1"}],"replies":[{"embeddable":true,"href":"https:\/\/ib-kit.de\/content\/wp-json\/wp\/v2\/comments?post=46"}],"version-history":[{"count":16,"href":"https:\/\/ib-kit.de\/content\/wp-json\/wp\/v2\/pages\/46\/revisions"}],"predecessor-version":[{"id":414,"href":"https:\/\/ib-kit.de\/content\/wp-json\/wp\/v2\/pages\/46\/revisions\/414"}],"wp:attachment":[{"href":"https:\/\/ib-kit.de\/content\/wp-json\/wp\/v2\/media?parent=46"}],"curies":[{"name":"wp","href":"https:\/\/api.w.org\/{rel}","templated":true}]}}