{"id":275,"date":"2021-11-16T07:01:01","date_gmt":"2021-11-16T06:01:01","guid":{"rendered":"https:\/\/ib-kit.de\/content\/?page_id=275"},"modified":"2021-11-29T10:22:25","modified_gmt":"2021-11-29T09:22:25","slug":"impressum","status":"publish","type":"page","link":"https:\/\/ib-kit.de\/content\/impressum\/","title":{"rendered":"Impressum"},"content":{"rendered":"\n<section id=\"gm71068db\" class=\"wp-block-gutentor-m4 section-gm71068db gutentor-module gutentor-advanced-columns has-image-bg has-custom-bg\"><div class=\"grid-container\"><div class=\"grid-row\">\n<div id=\"col-gm24d808\" class=\"wp-block-gutentor-m4-col col-gm24d808 gutentor-single-column  grid-lg-12 grid-md-12 grid-12\"><div id=\"section-gm24d808\" class=\"section-gm24d808 gutentor-col-wrap\">\n<div id=\"section-g246031\" class=\"wp-block-gutentor-e1 section-g246031 gutentor-element gutentor-element-advanced-text\"><div class=\"gutentor-text-wrap\"><h2 class=\"gutentor-text\">Impressum<\/h2><\/div><\/div>\n\n\n\n<div id=\"section-g6ca8d2\" class=\"wp-block-gutentor-e1 section-g6ca8d2 gutentor-element gutentor-element-advanced-text\"><div class=\"gutentor-text-wrap\"><p class=\"gutentor-text\"><strong>Ingenieurb\u00fcro KiT GmbH<\/strong><br>R\u00f6merstrasse 25<br>35510 Butzbach <br><br>Telefon: +49 6033 3547415<br>E-Mail: <a href=\"mailto:info@ib-kit.de\">info@ib-kit.de<\/a><br><br><strong>vertreten durch:<\/strong><br>Gesch\u00e4ftsf\u00fchrer Dipl.-Ing. M. T\u00fcpker<br><br><strong>Rechtsform:<\/strong><br>Gesellschaft mit beschr\u00e4nkter Haftung<br><br><strong>Gesellschafter<\/strong><br>Dipl.-Ing. M. T\u00fcpker \/ Dipl.-Ing. R. Kock<br><br>Firmensitz Butzbach<br><br><strong>Handelsregister:<\/strong><br>Amtsgericht Friedberg, Registernummer: HRB 8757<br><br>Umsatzsteuer-Identifikationsnummer: DE316703658<br><br>Inhaltlich verantwortlich: Ingenieurb\u00fcro KiT GmbH<br><br>Technische Umsetzung<br><a href=\"https:\/\/www.grafix-dezign.de\" target=\"_blank\" rel=\"noreferrer noopener\">www.grafix-dezign.de<\/a><\/p><\/div><\/div>\n<\/div><\/div>\n<\/div><\/div><\/section>\n","protected":false},"excerpt":{"rendered":"","protected":false},"author":1,"featured_media":0,"parent":0,"menu_order":0,"comment_status":"closed","ping_status":"closed","template":"template-gutentor-full-width.php","meta":[],"_links":{"self":[{"href":"https:\/\/ib-kit.de\/content\/wp-json\/wp\/v2\/pages\/275"}],"collection":[{"href":"https:\/\/ib-kit.de\/content\/wp-json\/wp\/v2\/pages"}],"about":[{"href":"https:\/\/ib-kit.de\/content\/wp-json\/wp\/v2\/types\/page"}],"author":[{"embeddable":true,"href":"https:\/\/ib-kit.de\/content\/wp-json\/wp\/v2\/users\/1"}],"replies":[{"embeddable":true,"href":"https:\/\/ib-kit.de\/content\/wp-json\/wp\/v2\/comments?post=275"}],"version-history":[{"count":3,"href":"https:\/\/ib-kit.de\/content\/wp-json\/wp\/v2\/pages\/275\/revisions"}],"predecessor-version":[{"id":547,"href":"https:\/\/ib-kit.de\/content\/wp-json\/wp\/v2\/pages\/275\/revisions\/547"}],"wp:attachment":[{"href":"https:\/\/ib-kit.de\/content\/wp-json\/wp\/v2\/media?parent=275"}],"curies":[{"name":"wp","href":"https:\/\/api.w.org\/{rel}","templated":true}]}}